{"id":320,"date":"2018-03-07T17:00:33","date_gmt":"2018-03-07T23:00:33","guid":{"rendered":"http:\/\/www.intekel.com\/blog\/?page_id=320"},"modified":"2018-03-14T14:08:12","modified_gmt":"2018-03-14T20:08:12","slug":"analisis-integral-de-datos-con-business-intelligence-bi","status":"publish","type":"page","link":"https:\/\/www.intekel.com\/blog\/analisis-integral-de-datos-con-business-intelligence-bi\/","title":{"rendered":"An\u00e1lisis Integral de Datos con Business Intelligence (BI)"},"content":{"rendered":"<p><img loading=\"lazy\" decoding=\"async\" class=\"aligncenter size-full wp-image-334\" src=\"http:\/\/www.intekel.com\/blog\/wp-content\/uploads\/2018\/03\/analisis-integral-de-datos-con-business-intelligence-bi.jpg\" alt=\"\" width=\"1140\" height=\"482\" srcset=\"https:\/\/www.intekel.com\/blog\/wp-content\/uploads\/2018\/03\/analisis-integral-de-datos-con-business-intelligence-bi.jpg 1140w, https:\/\/www.intekel.com\/blog\/wp-content\/uploads\/2018\/03\/analisis-integral-de-datos-con-business-intelligence-bi-300x127.jpg 300w, https:\/\/www.intekel.com\/blog\/wp-content\/uploads\/2018\/03\/analisis-integral-de-datos-con-business-intelligence-bi-768x325.jpg 768w, https:\/\/www.intekel.com\/blog\/wp-content\/uploads\/2018\/03\/analisis-integral-de-datos-con-business-intelligence-bi-1024x433.jpg 1024w\" sizes=\"auto, (max-width: 1140px) 100vw, 1140px\" \/><\/p>\n<p>El business intelligence se refiere al uso de datos (extra\u00eddos de diversas fuentes) en una empresa para ofrecer conocimientos para respaldar la toma de decisiones.<\/p>\n<h3>Soluciones<\/h3>\n<ul>\n<li>Monitoreo de KPIs de producci\u00f3n, ventas, operaciones, etc.<\/li>\n<li>Creaci\u00f3n de informes y paneles que ayudan a encontrar respuestas para las preguntas m\u00e1s importantes de la compa\u00f1\u00eda<\/li>\n<\/ul>\n<div class=\"row\">\n<div class=\"col-md-6\">\n<h3>\u00bfQu\u00e9 es Business Intelligence<\/h3>\n<p>Business Intelligence es la habilidad para transformar los datos en informaci\u00f3n, y la informaci\u00f3n en conocimiento, de forma que se pueda optimizar el proceso de toma de decisiones en los negocios.<\/p>\n<\/p><\/div>\n<div class=\"col-md-6\">\n\t\t<img decoding=\"async\" src=\"http:\/\/www.intekel.com\/blog\/wp-content\/uploads\/2018\/03\/finances-ipad.jpg\" style=\"width: 100%; float: right; margin-top: 20px;\">\n\t<\/div>\n<\/div>\n<div class=\"row\">\n<div class=\"col-md-6\">\n<h3>\u00bfQu\u00e9 es Power BI<\/h3>\n<p>\t\t<img decoding=\"async\" src=\"http:\/\/www.intekel.com\/blog\/wp-content\/uploads\/2018\/03\/Power-BI-1024x557.png\" style=\"width: 100%; float: left;\">\n\t<\/div>\n<div class=\"col-md-6\">\n<p style=\"margin-top: 50px;\">Power BI es un conjunto de herramientas de an\u00e1lisis empresarial que pone el conocimiento al alcance de toda la organizaci\u00f3n. Conexi\u00f3n a cientos de or\u00edgenes de datos, preparaci\u00f3n de datos simplificada, generaci\u00f3n de an\u00e1lisis ad hoc.<\/p>\n<p>Bellos informes que luego se publican para provecho de la organizaci\u00f3n en la Web y en dispositivos m\u00f3viles. Creaci\u00f3n de paneles personalizados al alcance de todos, con una perspectiva empresarial \u00fanica, de 360 grados.<\/p>\n<\/p><\/div>\n<\/div>\n<div class=\"row\">\n<div class=\"col-md-6\">\n<p style=\"margin-top: 20px\">La inteligencia de negocio act\u00faa como un factor estrat\u00e9gico para una empresa u organizaci\u00f3n, generando una potencial ventaja competitiva, que no es otra que proporcionar <strong>informaci\u00f3n privilegiada para responder a los problemas de negocio<\/strong>: entrada a nuevos mercados, promociones u ofertas de productos, eliminaci\u00f3n de islas de informaci\u00f3n, control financiero, optimizaci\u00f3n de costes, planificaci\u00f3n de la producci\u00f3n, an\u00e1lisis de perfiles de clientes, rentabilidad de un producto concreto, etc&#8230;<\/p>\n<\/p><\/div>\n<div class=\"col-md-6\">\n\t\t<img decoding=\"async\" src=\"http:\/\/www.intekel.com\/blog\/wp-content\/uploads\/2018\/03\/Power-BI-Analisis-1.jpg\" style=\"width: 100%; float: right; margin-top: 20px;\">\n\t<\/div>\n<\/div>\n<div class=\"row\">\n<div class=\"col-md-6\">\n<p style=\"margin-top: 20px;\">\n\t\t\tEn definitiva, una soluci\u00f3n BI completa permite:\n\t\t<\/p>\n<ul>\n<li>\n\t\t\t\t<strong>Observar<\/strong> \u00bfqu\u00e9 est\u00e1 ocurriendo?\n\t\t\t<\/li>\n<li>\n\t\t\t\t<strong>Predecir<\/strong> \u00bfqu\u00e9 ocurrir\u00eda?\n\t\t\t<\/li>\n<li>\n\t\t\t\t<strong>Colaborar<\/strong> \u00bfqu\u00e9 deber\u00eda hacer el equipo?\n\t\t\t<\/li>\n<li>\n\t\t\t\t<strong>Decidir<\/strong> \u00bfqu\u00e9 camino se debe seguir?\n\t\t\t<\/li>\n<\/ul><\/div>\n<div class=\"col-md-6\">\n\t\t<img decoding=\"async\" src=\"http:\/\/www.intekel.com\/blog\/wp-content\/uploads\/2018\/03\/power-bi-banner-2.jpg\" style=\"width: 100%; float: right; margin-top: 20px;\">\n\t<\/div>\n<\/div>\n","protected":false},"excerpt":{"rendered":"<p>El business intelligence se refiere al uso de datos (extra\u00eddos de diversas fuentes) en una empresa para ofrecer conocimientos para respaldar la toma de decisiones. Soluciones Monitoreo de KPIs de producci\u00f3n, ventas, operaciones, etc. Creaci\u00f3n de informes y paneles que ayudan a encontrar respuestas para las preguntas m\u00e1s importantes de la compa\u00f1\u00eda \u00bfQu\u00e9 es Business [&hellip;]<\/p>\n","protected":false},"author":1,"featured_media":0,"parent":0,"menu_order":0,"comment_status":"closed","ping_status":"closed","template":"","meta":{"sfsi_plus_gutenberg_text_before_share":"","sfsi_plus_gutenberg_show_text_before_share":"","sfsi_plus_gutenberg_icon_type":"","sfsi_plus_gutenberg_icon_alignemt":"","sfsi_plus_gutenburg_max_per_row":"","footnotes":""},"class_list":["post-320","page","type-page","status-publish","hentry"],"_links":{"self":[{"href":"https:\/\/www.intekel.com\/blog\/wp-json\/wp\/v2\/pages\/320","targetHints":{"allow":["GET"]}}],"collection":[{"href":"https:\/\/www.intekel.com\/blog\/wp-json\/wp\/v2\/pages"}],"about":[{"href":"https:\/\/www.intekel.com\/blog\/wp-json\/wp\/v2\/types\/page"}],"author":[{"embeddable":true,"href":"https:\/\/www.intekel.com\/blog\/wp-json\/wp\/v2\/users\/1"}],"replies":[{"embeddable":true,"href":"https:\/\/www.intekel.com\/blog\/wp-json\/wp\/v2\/comments?post=320"}],"version-history":[{"count":5,"href":"https:\/\/www.intekel.com\/blog\/wp-json\/wp\/v2\/pages\/320\/revisions"}],"predecessor-version":[{"id":384,"href":"https:\/\/www.intekel.com\/blog\/wp-json\/wp\/v2\/pages\/320\/revisions\/384"}],"wp:attachment":[{"href":"https:\/\/www.intekel.com\/blog\/wp-json\/wp\/v2\/media?parent=320"}],"curies":[{"name":"wp","href":"https:\/\/api.w.org\/{rel}","templated":true}]}}