{"id":317,"date":"2018-03-07T16:45:12","date_gmt":"2018-03-07T22:45:12","guid":{"rendered":"http:\/\/www.intekel.com\/blog\/?page_id=317"},"modified":"2018-03-08T17:02:23","modified_gmt":"2018-03-08T23:02:23","slug":"integracion-de-software-con-sistemas-sap-jd-edwards-y-quickbooks","status":"publish","type":"page","link":"https:\/\/www.intekel.com\/blog\/integracion-de-software-con-sistemas-sap-jd-edwards-y-quickbooks\/","title":{"rendered":"Integraci\u00f3n de Software con Sistemas SAP, JD Edwards y QuickBooks\u00ae"},"content":{"rendered":"<p>&nbsp;<\/p>\n<p><img loading=\"lazy\" decoding=\"async\" class=\"aligncenter size-full wp-image-330\" src=\"http:\/\/www.intekel.com\/blog\/wp-content\/uploads\/2018\/03\/integracion-de-software-con-sistemas-sap-jd-edwards-y-quickbooks.jpg\" alt=\"\" width=\"1140\" height=\"482\" srcset=\"https:\/\/www.intekel.com\/blog\/wp-content\/uploads\/2018\/03\/integracion-de-software-con-sistemas-sap-jd-edwards-y-quickbooks.jpg 1140w, https:\/\/www.intekel.com\/blog\/wp-content\/uploads\/2018\/03\/integracion-de-software-con-sistemas-sap-jd-edwards-y-quickbooks-300x127.jpg 300w, https:\/\/www.intekel.com\/blog\/wp-content\/uploads\/2018\/03\/integracion-de-software-con-sistemas-sap-jd-edwards-y-quickbooks-768x325.jpg 768w, https:\/\/www.intekel.com\/blog\/wp-content\/uploads\/2018\/03\/integracion-de-software-con-sistemas-sap-jd-edwards-y-quickbooks-1024x433.jpg 1024w\" sizes=\"auto, (max-width: 1140px) 100vw, 1140px\" \/><\/p>\n<p>Servicio de desarrollo de software con integraci\u00f3n a ERP corporativos como SAP Business One\/Hana y Oracle JD Edwards EnterpriseOne.<\/p>\n<h3>Soluciones<\/h3>\n<ul>\n<li>Software de almac\u00e9n y log\u00edstica con RFID o C\u00f3digo de Barras<\/li>\n<li>Sistema de pesaje industrial para la entrada de materia prima y salidas de mercanc\u00edas<\/li>\n<\/ul>\n<p>&nbsp;<\/p>\n","protected":false},"excerpt":{"rendered":"<p>&nbsp; Servicio de desarrollo de software con integraci\u00f3n a ERP corporativos como SAP Business One\/Hana y Oracle JD Edwards EnterpriseOne. Soluciones Software de almac\u00e9n y log\u00edstica con RFID o C\u00f3digo de Barras Sistema de pesaje industrial para la entrada de materia prima y salidas de mercanc\u00edas &nbsp;<\/p>\n","protected":false},"author":1,"featured_media":0,"parent":0,"menu_order":0,"comment_status":"closed","ping_status":"closed","template":"","meta":{"sfsi_plus_gutenberg_text_before_share":"","sfsi_plus_gutenberg_show_text_before_share":"","sfsi_plus_gutenberg_icon_type":"","sfsi_plus_gutenberg_icon_alignemt":"","sfsi_plus_gutenburg_max_per_row":"","footnotes":""},"class_list":["post-317","page","type-page","status-publish","hentry"],"_links":{"self":[{"href":"https:\/\/www.intekel.com\/blog\/wp-json\/wp\/v2\/pages\/317","targetHints":{"allow":["GET"]}}],"collection":[{"href":"https:\/\/www.intekel.com\/blog\/wp-json\/wp\/v2\/pages"}],"about":[{"href":"https:\/\/www.intekel.com\/blog\/wp-json\/wp\/v2\/types\/page"}],"author":[{"embeddable":true,"href":"https:\/\/www.intekel.com\/blog\/wp-json\/wp\/v2\/users\/1"}],"replies":[{"embeddable":true,"href":"https:\/\/www.intekel.com\/blog\/wp-json\/wp\/v2\/comments?post=317"}],"version-history":[{"count":4,"href":"https:\/\/www.intekel.com\/blog\/wp-json\/wp\/v2\/pages\/317\/revisions"}],"predecessor-version":[{"id":356,"href":"https:\/\/www.intekel.com\/blog\/wp-json\/wp\/v2\/pages\/317\/revisions\/356"}],"wp:attachment":[{"href":"https:\/\/www.intekel.com\/blog\/wp-json\/wp\/v2\/media?parent=317"}],"curies":[{"name":"wp","href":"https:\/\/api.w.org\/{rel}","templated":true}]}}