{"id":314,"date":"2018-03-07T16:10:17","date_gmt":"2018-03-07T22:10:17","guid":{"rendered":"http:\/\/www.intekel.com\/blog\/?page_id=314"},"modified":"2018-03-08T16:56:28","modified_gmt":"2018-03-08T22:56:28","slug":"creacion-de-algoritmos-de-inteligencia-artificial","status":"publish","type":"page","link":"https:\/\/www.intekel.com\/blog\/creacion-de-algoritmos-de-inteligencia-artificial\/","title":{"rendered":"Creaci\u00f3n de Algoritmos de Inteligencia Artificial"},"content":{"rendered":"<p><img loading=\"lazy\" decoding=\"async\" class=\"aligncenter size-full wp-image-315\" src=\"http:\/\/www.intekel.com\/blog\/wp-content\/uploads\/2018\/03\/AI.jpg\" alt=\"\" width=\"1140\" height=\"482\" srcset=\"https:\/\/www.intekel.com\/blog\/wp-content\/uploads\/2018\/03\/AI.jpg 1140w, https:\/\/www.intekel.com\/blog\/wp-content\/uploads\/2018\/03\/AI-300x127.jpg 300w, https:\/\/www.intekel.com\/blog\/wp-content\/uploads\/2018\/03\/AI-768x325.jpg 768w, https:\/\/www.intekel.com\/blog\/wp-content\/uploads\/2018\/03\/AI-1024x433.jpg 1024w\" sizes=\"auto, (max-width: 1140px) 100vw, 1140px\" \/><\/p>\n<p>En la AI las m\u00e1quinas son capaces de llevar a cabo las tareas de una manera considerada \u201cinteligentes\u201d. ML es una aplicaci\u00f3n actual de la Inteligencia Artificial basada en la idea de que deber\u00edamos ser capaces realmente de dar a las m\u00e1quinas acceso a los datos y dejarles aprender por s\u00ed mismos, es decir, algoritmos que hacen a las m\u00e1quinas m\u00e1s inteligentes.<\/p>\n<h3>Soluciones<\/h3>\n<ul>\n<li>Algoritmos predictivos de Machine Learning<\/li>\n<li>Reconocimiento de voz y f\u00e1cil<\/li>\n<li>Manejo de decisiones automatizadas en base a patrones<\/li>\n<\/ul>\n","protected":false},"excerpt":{"rendered":"<p>En la AI las m\u00e1quinas son capaces de llevar a cabo las tareas de una manera considerada \u201cinteligentes\u201d. ML es una aplicaci\u00f3n actual de la Inteligencia Artificial basada en la idea de que deber\u00edamos ser capaces realmente de dar a las m\u00e1quinas acceso a los datos y dejarles aprender por s\u00ed mismos, es decir, algoritmos [&hellip;]<\/p>\n","protected":false},"author":1,"featured_media":0,"parent":0,"menu_order":0,"comment_status":"closed","ping_status":"closed","template":"","meta":{"sfsi_plus_gutenberg_text_before_share":"","sfsi_plus_gutenberg_show_text_before_share":"","sfsi_plus_gutenberg_icon_type":"","sfsi_plus_gutenberg_icon_alignemt":"","sfsi_plus_gutenburg_max_per_row":"","footnotes":""},"class_list":["post-314","page","type-page","status-publish","hentry"],"_links":{"self":[{"href":"https:\/\/www.intekel.com\/blog\/wp-json\/wp\/v2\/pages\/314","targetHints":{"allow":["GET"]}}],"collection":[{"href":"https:\/\/www.intekel.com\/blog\/wp-json\/wp\/v2\/pages"}],"about":[{"href":"https:\/\/www.intekel.com\/blog\/wp-json\/wp\/v2\/types\/page"}],"author":[{"embeddable":true,"href":"https:\/\/www.intekel.com\/blog\/wp-json\/wp\/v2\/users\/1"}],"replies":[{"embeddable":true,"href":"https:\/\/www.intekel.com\/blog\/wp-json\/wp\/v2\/comments?post=314"}],"version-history":[{"count":2,"href":"https:\/\/www.intekel.com\/blog\/wp-json\/wp\/v2\/pages\/314\/revisions"}],"predecessor-version":[{"id":351,"href":"https:\/\/www.intekel.com\/blog\/wp-json\/wp\/v2\/pages\/314\/revisions\/351"}],"wp:attachment":[{"href":"https:\/\/www.intekel.com\/blog\/wp-json\/wp\/v2\/media?parent=314"}],"curies":[{"name":"wp","href":"https:\/\/api.w.org\/{rel}","templated":true}]}}