{"id":310,"date":"2018-03-07T13:40:57","date_gmt":"2018-03-07T19:40:57","guid":{"rendered":"http:\/\/www.intekel.com\/blog\/?page_id=310"},"modified":"2020-04-17T11:47:19","modified_gmt":"2020-04-17T16:47:19","slug":"servicios-extendidos-para-quickbooks","status":"publish","type":"page","link":"https:\/\/www.intekel.com\/blog\/servicios-extendidos-para-quickbooks\/","title":{"rendered":"Servicios extendidos de Soporte para Quickbooks\u00ae Desktop y Online"},"content":{"rendered":"<p><img loading=\"lazy\" decoding=\"async\" class=\"aligncenter size-full wp-image-332\" src=\"http:\/\/www.intekel.com\/blog\/wp-content\/uploads\/2018\/03\/servicios-extendidos-quickbooks.jpg\" alt=\"\" width=\"1140\" height=\"482\" srcset=\"https:\/\/www.intekel.com\/blog\/wp-content\/uploads\/2018\/03\/servicios-extendidos-quickbooks.jpg 1140w, https:\/\/www.intekel.com\/blog\/wp-content\/uploads\/2018\/03\/servicios-extendidos-quickbooks-300x127.jpg 300w, https:\/\/www.intekel.com\/blog\/wp-content\/uploads\/2018\/03\/servicios-extendidos-quickbooks-768x325.jpg 768w, https:\/\/www.intekel.com\/blog\/wp-content\/uploads\/2018\/03\/servicios-extendidos-quickbooks-1024x433.jpg 1024w\" sizes=\"auto, (max-width: 1140px) 100vw, 1140px\" \/><\/p>\n<p><strong>Intekel Automatizaci\u00f3n<\/strong> provee servicios especializados de soporte integral en las versiones de QuickBooks\u00ae (Pro, Premier y Enterprise) y QuickBooks\u00ae Online (Simple start, Essentials y Plus). Los servicios incluyen soporte contable para cumplir con las disposiciones contables y fiscales de M\u00e9xico, capacitaci\u00f3n de personal contable y t\u00e9cnico en las distintas versiones del Software QuickBooks, implementaci\u00f3n del sistema en sus servidores o nube privada y el desarrollo de nuevos m\u00f3dulos para ampliar las capacidades de QuickBooks\u00ae Desktop y Online.<\/p>\n<p>Con m\u00e1s de tres millones de usuarios, QuickBooks\u00ae es el software contable de mayor uso por la peque\u00f1a y mediana empresa, cuando se usa correctamente, este software de contabilidad puede ayudar a aumentar la productividad, reducir costos y proporcionar una mejor informaci\u00f3n para tomar decisiones de negocios, para ayudarte a descubrir nuevas caracter\u00edsticas de QuickBooks\u00ae y asistirle cuando lo necesite, puede recibr soporte v\u00eda e-mail, videoconferencia, por telefono o en sitio.<\/p>\n<hr \/>\n<h1 class=\"subtitle\">Caracter\u00edsticas<\/h1>\n<p><strong>Soporte Contable:<\/strong>\u00a0Brindamos asesor\u00eda contable para llevar a cabo su contabilidad en QuickBooks\u00ae para cumplir con los lineamientos fiscales mexicanos, como parte de nuestro soporte ofrecemos los siguientes servicios:<br \/>\n&#8211; Re-esctructuraci\u00f3n del cat\u00e1logo de cuentas necesarias para generar estados financieros<br \/>\n&#8211; Ajustes de saldos en el cat\u00e1logo de cuentas<br \/>\n&#8211; Conciliaciones bancarias<\/p>\n<p><strong>Capacitaci\u00f3n:<\/strong>\u00a0Entrenamos a su personal para el uso correcto de los m\u00f3dulos de QuickBooks\u00ae ofreciendo asesor\u00edas por \u00e1reas: ventas, compras, inventarios, contabilidad, etc., logrando llevar a cabo el registro de actividades de las empresas: cuentas de activos, deudas, inventarios, impuestos e informaci\u00f3n sobre clientes.<\/p>\n<p><strong>Implementaci\u00f3n:<\/strong>\u00a0Instalamos e implementamos QuickBooks\u00ae Desktop en su computadora o en el servidor local a trav\u00e9s de acceso remoto o presencial, configuramos QuickBooks\u00ae para que los usuarios del sistema puedan acceder a su informaci\u00f3n y lo personalizamos de acuerdo al tipo de negocio del que se trate.<\/p>\n<p><strong>Desarrollo de nuevas funcionalidades para QuickBooks\u00ae Desktop y Online:<\/strong>\u00a0QuickBooks\u00ae cuenta con una API (biblioteca de programaci\u00f3n de software) con la capacidad de integraci\u00f3n con programas de terceros, permitiendo obtener datos de cualquier fuente y utilizarlas en QuickBooks\u00ae. En base a esta caracter\u00edstica que tiene QuickBooks\u00ae, Intekel Automatizaci\u00f3n puede desarrollar nuevos m\u00f3dulos a las necesidades espec\u00edficas del Cliente, adem\u00e1s de ello, hemos desarrollado los siguientes productos:<\/p>\n<ul>\n<li>Contabilidad electr\u00f3nica (Anexo 24)<\/li>\n<li>Facturaci\u00f3n electr\u00f3nica<\/li>\n<li>Requisiciones de compra<\/li>\n<li>Comprobaci\u00f3n de gastos y cuentas por pagar<\/li>\n<li>Portal de Proveedores<\/li>\n<li>E-commerce<\/li>\n<\/ul>\n<hr \/>\n<h3><\/h3>\n<h1 class=\"subtitle\">Beneficios<\/h1>\n<ul>\n<li>Instalacion de QuickBooks\u00ae en un equipo de c\u00f3mputo o en la red interna de la compa\u00f1\u00eda<\/li>\n<li>Soporte en las versiones de QuickBooks\u00ae Desktop: Pro, Premier y Enterprise, QuickBooks\u00ae Online: Simple Start, Essentials y Plus<\/li>\n<li>Configurar controles de seguridad y definir perfiles de usuarios<\/li>\n<li>Re-estructurar el cat\u00e1logo de cuentas para cumplir con la contabilidad mexicana<\/li>\n<li>Capacitaci\u00f3n por \u00e1reas operativas: contabilidad, compras, almac\u00e9n, etc.<\/li>\n<li>Dise\u00f1o de reportes (facturas, cheques, \u00f3rdenes de compra, \u00f3rdenes de pedidos, etc.)<\/li>\n<li>Soporte, mantenimiento y asistencia, v\u00eda remota o en sitio<\/li>\n<li>Respaldo de Base de datos<\/li>\n<li>Desarrollo de nuevas funcionalidades en QuickBooks\u00ae<\/li>\n<\/ul>\n","protected":false},"excerpt":{"rendered":"<p>Intekel Automatizaci\u00f3n provee servicios especializados de soporte integral en las versiones de QuickBooks\u00ae (Pro, Premier y Enterprise) y QuickBooks\u00ae Online (Simple start, Essentials y Plus). Los servicios incluyen soporte contable para cumplir con las disposiciones contables y fiscales de M\u00e9xico, capacitaci\u00f3n de personal contable y t\u00e9cnico en las distintas versiones del Software QuickBooks, implementaci\u00f3n del [&hellip;]<\/p>\n","protected":false},"author":1,"featured_media":0,"parent":0,"menu_order":0,"comment_status":"closed","ping_status":"closed","template":"","meta":{"sfsi_plus_gutenberg_text_before_share":"","sfsi_plus_gutenberg_show_text_before_share":"","sfsi_plus_gutenberg_icon_type":"","sfsi_plus_gutenberg_icon_alignemt":"","sfsi_plus_gutenburg_max_per_row":"","footnotes":""},"class_list":["post-310","page","type-page","status-publish","hentry"],"_links":{"self":[{"href":"https:\/\/www.intekel.com\/blog\/wp-json\/wp\/v2\/pages\/310","targetHints":{"allow":["GET"]}}],"collection":[{"href":"https:\/\/www.intekel.com\/blog\/wp-json\/wp\/v2\/pages"}],"about":[{"href":"https:\/\/www.intekel.com\/blog\/wp-json\/wp\/v2\/types\/page"}],"author":[{"embeddable":true,"href":"https:\/\/www.intekel.com\/blog\/wp-json\/wp\/v2\/users\/1"}],"replies":[{"embeddable":true,"href":"https:\/\/www.intekel.com\/blog\/wp-json\/wp\/v2\/comments?post=310"}],"version-history":[{"count":5,"href":"https:\/\/www.intekel.com\/blog\/wp-json\/wp\/v2\/pages\/310\/revisions"}],"predecessor-version":[{"id":690,"href":"https:\/\/www.intekel.com\/blog\/wp-json\/wp\/v2\/pages\/310\/revisions\/690"}],"wp:attachment":[{"href":"https:\/\/www.intekel.com\/blog\/wp-json\/wp\/v2\/media?parent=310"}],"curies":[{"name":"wp","href":"https:\/\/api.w.org\/{rel}","templated":true}]}}