{"id":306,"date":"2018-03-07T13:15:45","date_gmt":"2018-03-07T19:15:45","guid":{"rendered":"http:\/\/www.intekel.com\/blog\/?page_id=306"},"modified":"2020-04-17T11:07:37","modified_gmt":"2020-04-17T16:07:37","slug":"desarrollo-de-soluciones-de-automatizacion","status":"publish","type":"page","link":"https:\/\/www.intekel.com\/blog\/desarrollo-de-soluciones-de-automatizacion\/","title":{"rendered":"Desarrollo de Soluciones de Automatizaci\u00f3n Industrial"},"content":{"rendered":"<p><img loading=\"lazy\" decoding=\"async\" class=\"aligncenter size-full wp-image-326\" src=\"http:\/\/www.intekel.com\/blog\/wp-content\/uploads\/2018\/03\/servicio-de-automatizacion.jpg\" alt=\"\" width=\"1140\" height=\"482\" srcset=\"https:\/\/www.intekel.com\/blog\/wp-content\/uploads\/2018\/03\/servicio-de-automatizacion.jpg 1140w, https:\/\/www.intekel.com\/blog\/wp-content\/uploads\/2018\/03\/servicio-de-automatizacion-300x127.jpg 300w, https:\/\/www.intekel.com\/blog\/wp-content\/uploads\/2018\/03\/servicio-de-automatizacion-768x325.jpg 768w, https:\/\/www.intekel.com\/blog\/wp-content\/uploads\/2018\/03\/servicio-de-automatizacion-1024x433.jpg 1024w\" sizes=\"auto, (max-width: 1140px) 100vw, 1140px\" \/><\/p>\n<p>Intekel Automatizaci\u00f3n dise\u00f1a dispositivos electr\u00f3nicos, de medici\u00f3n y de comunicaci\u00f3n para eficientar y automatizar etapas de la producci\u00f3n industrial para las \u00e1reas de manufactura, lotificaci\u00f3n, etiquetado, empaque, suministros y embarque. Las soluciones desarrolladas por Intekel integran tecnolog\u00eda propia como de terceros, la empresa puede fabricar desde tarjetas electr\u00f3nicas, sensores y dispositivos de comunicaci\u00f3n hasta software de control o monitoreo de variables cr\u00edticas de un sistema.<\/p>\n<p>Entre la gama de servicios que oferta la compa\u00f1\u00eda se encuentra: la automatizaci\u00f3n y control de procesos industriales, el dise\u00f1o de sistemas HMI, la programaci\u00f3n de PLCs de diversos fabricantes, el desarrollo de sistemas de eficiencia energ\u00e9tica y el monitoreo de variables cr\u00edticas que intervienen en los procesos de producci\u00f3n como temperatura, humedad relativa, presi\u00f3n, pH, volumen y peso, entre otras aplicaciones para el manejo de eficiencia y rendimiento de la produccion.<\/p>\n<hr \/>\n<h1><\/h1>\n<h1>Beneficios<\/h1>\n<p>Brindamos soluciones para distintos sectores en todo lo relacionado a la automatizaci\u00f3n, control y manufactura de piezas.<\/p>\n<ul>\n<li><strong>Reducci\u00f3n de costos:<\/strong>\u00a0La automatizaci\u00f3n de procesos te permite la reducci\u00f3n de errores, logrando hacerlos cada vez m\u00e1s sencillos y econ\u00f3micos<\/li>\n<li><strong>Informaci\u00f3n de valor:<\/strong>\u00a0Al realizar un an\u00e1lisis de los tiempos, desempe\u00f1o y comportamiento de los procesos, se obtiene informaci\u00f3n que facilita la toma de decisiones para la mejora continua de los mismos<\/li>\n<li><strong>Monitoreo de indicadores de eficiencia operativa:<\/strong>\u00a0A trav\u00e9s de Software de Monitoreo de variables cr\u00edticas en distintas etapas de la producci\u00f3n se pueden tener datos en tiempo real de la cantidad de productos empaquetados, de los sistemas de pesaje, del n\u00famero de paquetes o costales fabricados, de las fallas en la fabricaci\u00f3n de productos, por mencionar algunos ejemplos claves<\/li>\n<\/ul>\n<hr \/>\n<h3><\/h3>\n<h1 class=\"subtitle\">Nuestras Soluciones<\/h1>\n<ul>\n<li>Fabricaci\u00f3n de m\u00e1quinas de Control Num\u00e9rico (CNC) y brazos rob\u00f3tico para automatizar fases de producci\u00f3n<\/li>\n<li>Monitoreo y control de dispositivos que registren temperatura, humedad, presi\u00f3n, pH, consumo el\u00e9ctrico, etc., accesibles a trav\u00e9s de Internet y en tiempo real<\/li>\n<li>Control y Monitoreo de Sistemas de Almacenaje: Silos, Tanques, Tolvas y Contenedores<\/li>\n<li>Sistemas de etiquetado y monitoreo de la producci\u00f3n<\/li>\n<li>Automatizaci\u00f3n y control de procesos<\/li>\n<li>Sistemas HMI (Scada, LabView, Autocad, etc.)<\/li>\n<li>Programaci\u00f3n de PLCs de diversos fabricantes como Siemens, RTP y ABB<\/li>\n<li>Sistemas de Eficiencia Energ\u00e9tica<\/li>\n<li>Aplicaciones para el manejo de eficiencia y rendimiento de la producci\u00f3n<\/li>\n<li>Sistema de estad\u00edsticas de maquinaria para la obtenci\u00f3n de datos a fin de eficientar el plan de mantenimiento predictivo<\/li>\n<li>Dise\u00f1o de soluciones CAD\/CAM para la manufactura de piezas<\/li>\n<\/ul>\n","protected":false},"excerpt":{"rendered":"<p>Intekel Automatizaci\u00f3n dise\u00f1a dispositivos electr\u00f3nicos, de medici\u00f3n y de comunicaci\u00f3n para eficientar y automatizar etapas de la producci\u00f3n industrial para las \u00e1reas de manufactura, lotificaci\u00f3n, etiquetado, empaque, suministros y embarque. Las soluciones desarrolladas por Intekel integran tecnolog\u00eda propia como de terceros, la empresa puede fabricar desde tarjetas electr\u00f3nicas, sensores y dispositivos de comunicaci\u00f3n hasta software [&hellip;]<\/p>\n","protected":false},"author":1,"featured_media":0,"parent":0,"menu_order":0,"comment_status":"closed","ping_status":"closed","template":"","meta":{"sfsi_plus_gutenberg_text_before_share":"","sfsi_plus_gutenberg_show_text_before_share":"","sfsi_plus_gutenberg_icon_type":"","sfsi_plus_gutenberg_icon_alignemt":"","sfsi_plus_gutenburg_max_per_row":"","footnotes":""},"class_list":["post-306","page","type-page","status-publish","hentry"],"_links":{"self":[{"href":"https:\/\/www.intekel.com\/blog\/wp-json\/wp\/v2\/pages\/306","targetHints":{"allow":["GET"]}}],"collection":[{"href":"https:\/\/www.intekel.com\/blog\/wp-json\/wp\/v2\/pages"}],"about":[{"href":"https:\/\/www.intekel.com\/blog\/wp-json\/wp\/v2\/types\/page"}],"author":[{"embeddable":true,"href":"https:\/\/www.intekel.com\/blog\/wp-json\/wp\/v2\/users\/1"}],"replies":[{"embeddable":true,"href":"https:\/\/www.intekel.com\/blog\/wp-json\/wp\/v2\/comments?post=306"}],"version-history":[{"count":8,"href":"https:\/\/www.intekel.com\/blog\/wp-json\/wp\/v2\/pages\/306\/revisions"}],"predecessor-version":[{"id":683,"href":"https:\/\/www.intekel.com\/blog\/wp-json\/wp\/v2\/pages\/306\/revisions\/683"}],"wp:attachment":[{"href":"https:\/\/www.intekel.com\/blog\/wp-json\/wp\/v2\/media?parent=306"}],"curies":[{"name":"wp","href":"https:\/\/api.w.org\/{rel}","templated":true}]}}