{"id":287,"date":"2018-03-05T11:16:53","date_gmt":"2018-03-05T17:16:53","guid":{"rendered":"http:\/\/www.intekel.com\/blog\/?page_id=287"},"modified":"2020-04-17T11:04:11","modified_gmt":"2020-04-17T16:04:11","slug":"fabricacion-de-software","status":"publish","type":"page","link":"https:\/\/www.intekel.com\/blog\/fabricacion-de-software\/","title":{"rendered":"Fabricaci\u00f3n de Software  Desktop, Cloud, Servicios Web y M\u00f3vil"},"content":{"rendered":"<p><img loading=\"lazy\" decoding=\"async\" class=\"aligncenter size-medium\" src=\"http:\/\/intekel.com\/es\/assets\/images\/servicios\/desarrollo-de-software.jpg\" width=\"1140\" height=\"482\"><\/p>\n<p>Intekel Automatizaci\u00f3n desarrolla software en arquitectura Desktop, Cloud y M\u00f3vil para cubrir los requerimientos de nuestros Clientes, a fin de mejorar la eficiencia de sus procesos de producci\u00f3n, comercializaci\u00f3n, log\u00edstica, de control administrativo y de operaci\u00f3n.<\/p>\n<p>Para el desarrollo e integraci\u00f3n de soluciones empresariales e industriales trabajamos con distintas tecnolog\u00edas como:<\/p>\n<ul>\n<li>C#<\/li>\n<li>.NET<\/li>\n<li>Java<\/li>\n<li>PHP (con framework: Laravel)<\/li>\n<li>Python (con framework: Django)<\/li>\n<li>VueJS y REACT (frameworks javascrit para frontend)<\/li>\n<li>REACT NATIVE (framework para aplicaciones nativas iOS y Android)<\/li>\n<li>Android (framework Android Studio para aplicaciones nativas Android)<\/li>\n<li>SQL Server, MySQL, MariaDB y PostgreSQL<\/li>\n<\/ul>\n<p>Los servicios de desarrollo de software que ofrece Intekel Automatizaci\u00f3n comprenden todo el ciclo de vida del proyecto desde su conceptualizaci\u00f3n hasta su puesta en producci\u00f3n, nuestro proceso de planeaci\u00f3n, ejecuci\u00f3n, pruebas e implementaci\u00f3n de los productos de software desarrollados est\u00e1 documentado en la <strong>norma de calidad ISO 9001:2008<\/strong> de Intekel Automatizaci\u00f3n, buscamos tener una \u00f3ptima experiencia de usuario con un software f\u00e1cil de usar, basado en est\u00e1ndares y que est\u00e9 potenciado por tecnolog\u00eda robusta en la l\u00f3gica de la Aplicaci\u00f3n, servidores, base de datos, configuraci\u00f3n del sistema y en el rendimiento del Software.<\/p>\n<p>El proceso de desarrollo de software que emplea Intekel Automatizaci\u00f3n comprende las siguientes fases basadas en la <strong>metodolog\u00eda de desarrollo \u00e1gil SCRUM<\/strong>:<\/p>\n<ul>\n<li>Levantamiento y an\u00e1lisis de requerimientos<\/li>\n<li>Definici\u00f3n de la Arquitectura del proyecto: Cloud, Servicios web, Desktop, Aplicaciones m\u00f3viles, Sistema operativo, Bases de datos, etc<\/li>\n<li>Wireframes (dise\u00f1o de pantallas o mockups)<\/li>\n<li>Dise\u00f1o del modelado de datos<\/li>\n<li>Creaci\u00f3n de historias de usuario y criterios de aceptaci\u00f3n<\/li>\n<li>Planificaci\u00f3n de Sprints<\/li>\n<li>Dise\u00f1o y codificaci\u00f3n del Software<\/li>\n<li>Plan de pruebas<\/li>\n<li>Entregas funcionales de m\u00f3dulos completos<\/li>\n<li>Gesti\u00f3n de las solicitudes de cambio<\/li>\n<li>Implementaci\u00f3n y puesta en producci\u00f3n<\/li>\n<li>Capacitaci\u00f3n en el uso operativo de la soluci\u00f3n<\/li>\n<li>Soporte t\u00e9cnico, actualizaciones y mantenimiento Post-implementaci\u00f3n<\/li>\n<li>Nuevas Funcionalidades post-entrega<\/li>\n<\/ul>\n<hr>\n<h2><\/h2>\n<h2>Beneficios<\/h2>\n<ul>\n<li>Dise\u00f1o de un software inteligente que sea f\u00e1cil de adaptar a la vida de los clientes o empleados<\/li>\n<li><span style=\"font-size: 16px;\">Transparentar el rendimiento de la operaci\u00f3n en todos los niveles de la organizaci\u00f3n<\/span><\/li>\n<li>Desarrollar soluciones de procesos de control administrativo<\/li>\n<li>Dar seguimiento a los procesos claves de la empresa<\/li>\n<li>Implementar base de datos de la empresa para consultas internas o externas<\/li>\n<li>Procesar altos vol\u00famenes de datos y presentarlos a trav\u00e9s de interfaces, reportes y gr\u00e1ficas de forma amigable con el usuario<\/li>\n<\/ul>\n<hr>\n<h2><\/h2>\n<h2>Soluciones propuestas<\/h2>\n<ul>\n<li>Sistema de informaci\u00f3n gerencial (Compras, Proveedores, Producci\u00f3n, Almac\u00e9n, Ventas, Licitaciones)<\/li>\n<li>Software de control de proyectos, presupuestos y auditor\u00edas<\/li>\n<li>Sistema de soporte de decisiones y planificaci\u00f3n de recursos<\/li>\n<li>Software de inventarios con RFID\/Barcode<\/li>\n<li>Software de monitoreo y control de procesos industriales<\/li>\n<li>Sistemas manejadores de Base de Datos<\/li>\n<li>Desarrollo de portales de e-commerce y B2B<\/li>\n<li>Software de integraci\u00f3n a los ERPs: SAP Business One, JD Edwards EnterpriseOne y QuickBooks Desktop\/Online<\/li>\n<\/ul>\n","protected":false},"excerpt":{"rendered":"<p>Intekel Automatizaci\u00f3n desarrolla software en arquitectura Desktop, Cloud y M\u00f3vil para cubrir los requerimientos de nuestros Clientes, a fin de mejorar la eficiencia de sus procesos de producci\u00f3n, comercializaci\u00f3n, log\u00edstica, de control administrativo y de operaci\u00f3n. Para el desarrollo e integraci\u00f3n de soluciones empresariales e industriales trabajamos con distintas tecnolog\u00edas como: C# .NET Java PHP [&hellip;]<\/p>\n","protected":false},"author":1,"featured_media":0,"parent":0,"menu_order":0,"comment_status":"closed","ping_status":"closed","template":"","meta":{"sfsi_plus_gutenberg_text_before_share":"","sfsi_plus_gutenberg_show_text_before_share":"","sfsi_plus_gutenberg_icon_type":"","sfsi_plus_gutenberg_icon_alignemt":"","sfsi_plus_gutenburg_max_per_row":"","footnotes":""},"class_list":["post-287","page","type-page","status-publish","hentry"],"_links":{"self":[{"href":"https:\/\/www.intekel.com\/blog\/wp-json\/wp\/v2\/pages\/287","targetHints":{"allow":["GET"]}}],"collection":[{"href":"https:\/\/www.intekel.com\/blog\/wp-json\/wp\/v2\/pages"}],"about":[{"href":"https:\/\/www.intekel.com\/blog\/wp-json\/wp\/v2\/types\/page"}],"author":[{"embeddable":true,"href":"https:\/\/www.intekel.com\/blog\/wp-json\/wp\/v2\/users\/1"}],"replies":[{"embeddable":true,"href":"https:\/\/www.intekel.com\/blog\/wp-json\/wp\/v2\/comments?post=287"}],"version-history":[{"count":15,"href":"https:\/\/www.intekel.com\/blog\/wp-json\/wp\/v2\/pages\/287\/revisions"}],"predecessor-version":[{"id":680,"href":"https:\/\/www.intekel.com\/blog\/wp-json\/wp\/v2\/pages\/287\/revisions\/680"}],"wp:attachment":[{"href":"https:\/\/www.intekel.com\/blog\/wp-json\/wp\/v2\/media?parent=287"}],"curies":[{"name":"wp","href":"https:\/\/api.w.org\/{rel}","templated":true}]}}