{"id":281,"date":"2018-03-05T11:05:49","date_gmt":"2018-03-05T17:05:49","guid":{"rendered":"http:\/\/www.intekel.com\/blog\/?page_id=281"},"modified":"2020-04-18T22:50:10","modified_gmt":"2020-04-19T03:50:10","slug":"software-de-gestion-almacenes","status":"publish","type":"page","link":"https:\/\/www.intekel.com\/blog\/software-de-gestion-almacenes\/","title":{"rendered":"Software de gesti\u00f3n de almacenes y control de stock con RFID o Barcode"},"content":{"rendered":"\n<div class=\"wp-block-image\"><figure class=\"aligncenter\"><img loading=\"lazy\" decoding=\"async\" width=\"1140\" height=\"482\" src=\"https:\/\/www.intekel.com\/blog\/wp-content\/uploads\/2018\/03\/almacen-logistica.jpg\" alt=\"\" class=\"wp-image-363\" srcset=\"https:\/\/www.intekel.com\/blog\/wp-content\/uploads\/2018\/03\/almacen-logistica.jpg 1140w, https:\/\/www.intekel.com\/blog\/wp-content\/uploads\/2018\/03\/almacen-logistica-300x127.jpg 300w, https:\/\/www.intekel.com\/blog\/wp-content\/uploads\/2018\/03\/almacen-logistica-768x325.jpg 768w, https:\/\/www.intekel.com\/blog\/wp-content\/uploads\/2018\/03\/almacen-logistica-1024x433.jpg 1024w\" sizes=\"auto, (max-width: 1140px) 100vw, 1140px\" \/><\/figure><\/div>\n\n\n\n<br>\n\n\n\n<p>El software de gesti\u00f3n de almacenes y stocks de c\u00f3digo de barra, RFID o NFC se enlaza con ERPs como SAP, Oracle, QuickBooks o Microsoft Dynamics es una soluci\u00f3n dise\u00f1ada por Intekel Automatizaci\u00f3n que optimiza los movimientos y procesos dentro del almac\u00e9n como las recepciones de inventarios, movimientos, preparaci\u00f3n de pedidos y expedici\u00f3n de inventarios.<\/p>\n\n\n\n<p>La plataforma est\u00e1 dise\u00f1ada para implementarse en m\u00faltiples almacenes, sin embargo, el software es escalable para aumentar el n\u00famero de centros de almacenaje que disponga el Cliente. A continuaci\u00f3n se describen los principales procesos del sistema:<\/p>\n\n\n\n<p><\/p>\n\n\n\n<br>\n\n\n\n\n<h2 class=\"wp-block-heading\">Recepciones de inventarios:<\/h2>\n\n\n\n<p>a) A trav\u00e9s de una orden de compra (OC) generada en el ERP, el sistema identifica los inventarios que llegar\u00e1n a almac\u00e9n con su c\u00f3digo de producto y las cantidades solicitadas.<br>b) El sistema imprime el formato del OC para que lo presente el proveedor cuando entregue los materiales, la hoja incluye un c\u00f3digo de barras con los datos de la OC, un c\u00f3digo de barras para la posici\u00f3n en donde estar\u00e1 almacenado la mercanc\u00eda en el inventario y un c\u00f3digo de barras con el n\u00famero de parte y cantidad de la mercanc\u00eda a ingresar.<br>c) El software permite imprimir etiquetas con c\u00f3digo de barras para cada mercanc\u00eda o caja que ingrese al almac\u00e9n (esto para las mercanc\u00edas que no tienen c\u00f3digo de barra).<br>d) Una vez que todas las mercanc\u00edas tengan su c\u00f3digo de barra, se lee con el lector de c\u00f3digo de barras el formato de pedidos y cada mercanc\u00eda una a una, esto para validar que lo que indique el pedido sea exactamente igual a las mercanc\u00edas que entran, sino coinciden el sistema manda una alerta e imprime un formato de entrada de mercanc\u00edas.<br>e) El sistema permite indicar la Fila y Rack en donde se almacenar\u00e1 la mercanc\u00eda, ello para su r\u00e1pida ubicaci\u00f3n.<br>f) Cuando entra la mercanc\u00eda, el sistema actualiza el ERP indicando la cantidad entrante y el almac\u00e9n en donde se realiz\u00f3 el movimiento.<\/p>\n\n\n\n<br><br>\n\n\n\n<h2 class=\"wp-block-heading\">Almacenaje:<\/h2>\n\n\n\n<p>a) El sistema determina el lugar estrat\u00e9gico donde ir\u00e1 ubicado el producto, para ello, existe un panel de configuraci\u00f3n para seleccionar las \u00e1reas m\u00e1s prioritarias (mercanc\u00edas de mayor rotaci\u00f3n).<br>b) El software emite alertas cuando los stocks est\u00e9n bajos para el suministro a tiempo en almac\u00e9n.<br>c) El software emite alerta cuando el lote tiene fecha de caducidad y debe moverse r\u00e1pido de almac\u00e9n.<br>d) El sistema permite realizar reserva de mercanc\u00edas para que no se consideren en el proceso de salida de pedidos.<\/p>\n\n\n\n<br>\n\n\n\n<h2 class=\"wp-block-heading\">Salida de inventarios:<\/h2>\n\n\n\n<p>a) De acuerdo a las ordenes de venta (SO) que se generen en el ERP, el sistema imprime un reporte con la lista, ubicaci\u00f3n y cantidad de mercanc\u00edas que saldr\u00e1n de almac\u00e9n, as\u00ed como los datos del cliente.<br>b) El software verifica que la cantidad solicitada de mercanc\u00edas de la SO se encuentre en el almac\u00e9n indicado, en caso que no, el software permite realizar un traspaso de mercanc\u00edas entre almacenes.<br>c) Para el proceso de pedido y expedici\u00f3n, el software permite localizar de manera r\u00e1pida en el almac\u00e9n la ubicaci\u00f3n de las mercanc\u00edas solicitadas. El surtido de mercanc\u00edas se realiza en base a diferentes par\u00e1metros como rotaci\u00f3n, fecha de caducidad y lote.<br>d) En el \u00e1rea de picking se realiza el empaque de mercanc\u00edas, de acuerdo a la SO se registra mercanc\u00eda por mercanc\u00eda para validar que la mercanc\u00eda que salga sea exactamente a la que marca la SO.<br>e) Una vez que se valido que lo indicado en la SO sea exactamente igual a lo que sale, el software genera una etiqueta por cliente para generar el lote del pedido, ello incluye los datos del cliente, nombre, SO, direcci\u00f3n de env\u00edo, n\u00famero de factura y c\u00f3digo de barras del lote.<br>f) Una vez que la mercanc\u00eda sale, el software busca en el ERP el n\u00famero de parte de la mercanc\u00eda y la cantidad que sale para actualizarla.<\/p>\n\n\n\n<p><\/p>\n\n\n\n<br>\n\n\n\n<h1 class=\"wp-block-heading\">Tablero de Business Intelligence (BI)<\/h1>\n\n\n\n<p>Tablero de BI para dar informaci\u00f3n que ayude a entender c\u00f3mo se est\u00e1n ejecutando los procesos dentro del Almac\u00e9n:<\/p>\n\n\n\n<ul class=\"wp-block-list\"><li>Top de mercanc\u00edas m\u00e1s vendidas filtradas por almac\u00e9n y por per\u00edodo de tiempo.<\/li><li>Top de mercanc\u00edas menos vendidas filtradas por almac\u00e9n y por per\u00edodo de tiempo.<\/li><li>Indicadores de stocks bajos de mercanc\u00edas para el suministro a tiempo en almac\u00e9n.<\/li><li>Indicadores de \u00f3rdenes de compra y mercanc\u00edas ingresadas en almac\u00e9n por nombre del proveedor, mercanc\u00edas y\/o per\u00edodo de tiempo.<\/li><li>Listado de mercanc\u00edas por surtir en \u00f3rdenes de compra.<\/li><li>Indicadores de \u00f3rdenes de de ventas y mercanc\u00edas salidas de almac\u00e9n por nombre del cliente, mercanc\u00edas y\/o per\u00edodo de tiempo.<\/li><li>Listado de mercanc\u00edas por egresar en \u00f3rdenes de venta.<\/li><li>Indicadores de mercanc\u00edas o lotes con mayor y menor rotaci\u00f3n en almac\u00e9n filtrado por nombre del almac\u00e9n y por per\u00edodo de tiempo.<\/li><li>Listado de mercanc\u00edas devueltas del almac\u00e9n al ingresar por orden de compra.<\/li><li>Listado de mercanc\u00edas devueltas por los clientes que fueron salidas por la orden de venta.<\/li><\/ul>\n\n\n\n<p><\/p>\n\n\n\n<p><\/p>\n\n\n\n<p><\/p>\n","protected":false},"excerpt":{"rendered":"<p>El software de gesti\u00f3n de almacenes y stocks de c\u00f3digo de barra, RFID o NFC se enlaza con ERPs como SAP, Oracle, QuickBooks o Microsoft Dynamics es una soluci\u00f3n dise\u00f1ada por Intekel Automatizaci\u00f3n que optimiza los movimientos y procesos dentro del almac\u00e9n como las recepciones de inventarios, movimientos, preparaci\u00f3n de pedidos y expedici\u00f3n de inventarios. [&hellip;]<\/p>\n","protected":false},"author":1,"featured_media":0,"parent":0,"menu_order":0,"comment_status":"closed","ping_status":"closed","template":"page-fullwidth.php","meta":{"sfsi_plus_gutenberg_text_before_share":"","sfsi_plus_gutenberg_show_text_before_share":"","sfsi_plus_gutenberg_icon_type":"","sfsi_plus_gutenberg_icon_alignemt":"","sfsi_plus_gutenburg_max_per_row":"","footnotes":""},"class_list":["post-281","page","type-page","status-publish","hentry"],"_links":{"self":[{"href":"https:\/\/www.intekel.com\/blog\/wp-json\/wp\/v2\/pages\/281","targetHints":{"allow":["GET"]}}],"collection":[{"href":"https:\/\/www.intekel.com\/blog\/wp-json\/wp\/v2\/pages"}],"about":[{"href":"https:\/\/www.intekel.com\/blog\/wp-json\/wp\/v2\/types\/page"}],"author":[{"embeddable":true,"href":"https:\/\/www.intekel.com\/blog\/wp-json\/wp\/v2\/users\/1"}],"replies":[{"embeddable":true,"href":"https:\/\/www.intekel.com\/blog\/wp-json\/wp\/v2\/comments?post=281"}],"version-history":[{"count":21,"href":"https:\/\/www.intekel.com\/blog\/wp-json\/wp\/v2\/pages\/281\/revisions"}],"predecessor-version":[{"id":717,"href":"https:\/\/www.intekel.com\/blog\/wp-json\/wp\/v2\/pages\/281\/revisions\/717"}],"wp:attachment":[{"href":"https:\/\/www.intekel.com\/blog\/wp-json\/wp\/v2\/media?parent=281"}],"curies":[{"name":"wp","href":"https:\/\/api.w.org\/{rel}","templated":true}]}}